{"id":8616,"date":"2024-08-07T14:48:12","date_gmt":"2024-08-07T12:48:12","guid":{"rendered":"https:\/\/meterq.de\/imprint\/"},"modified":"2025-11-11T08:45:12","modified_gmt":"2025-11-11T07:45:12","slug":"imprint","status":"publish","type":"page","link":"https:\/\/meterq.de\/en\/imprint\/","title":{"rendered":"IMPRINT"},"content":{"rendered":"<p>[et_pb_section fb_built=\u201c1\u201d _builder_version=\u201c4.16\u201d _module_preset=\u201cdefault\u201d global_colors_info=\u201d{}\u201d][et_pb_row column_structure=\u201c1_4,3_4\u201d _builder_version=\u201c4.16\u201d _module_preset=\u201cdefault\u201d global_colors_info=\u201d{}\u201d][et_pb_column type=\u201c1_4\u201d _builder_version=\u201c4.16\u201d _module_preset=\u201cdefault\u201d global_colors_info=\u201d{}\u201d][et_pb_image src=\u201chttp:\/\/meterq.de\/wp-content\/uploads\/2022\/03\/MQS_Logo_2022_400px.jpeg\u201d title_text=\u201cMQS_Logo_2022_400px\u201d _builder_version=\u201c4.16\u201d _module_preset=\u201cdefault\u201d global_colors_info=\u201d{}\u201d][\/et_pb_image][\/et_pb_column][et_pb_column type=\u201c3_4\u201d _builder_version=\u201c4.16\u201d _module_preset=\u201cdefault\u201d global_colors_info=\u201d{}\u201d][et_pb_text _builder_version=\u201c4.16\u201d _module_preset=\u201cdefault\u201d global_colors_info=\u201d{}\u201d]<\/p>\n<h2>IMPRINT<\/h2>\n<p><\/p>\n<p>Anga\u00adben nach \u00a7 5&nbsp;TMG \/ \u00a7 55 RStV<\/p>\n<p><\/p>\n<p>Meter\u2011Q Solu\u00adti\u00adons GmbH<br>Gr\u00fc\u00adner Weg 7<br>D\u201161169 Fried\u00adberg<br>Pho\u00adne: <span style=\"font-style: poppins2;\">+49 6031 96587 40<\/span><br>E\u2011Mail: info@meterq.de<br>Inter\u00adnet: www.meterq.de<\/p>\n<p><\/p>\n<p>Umsatz\u00adsteu\u00ader-IDNr.: DE293824184<br>Gesch\u00e4fts\u00adf\u00fch\u00adrer: Jost K\u00f6r\u00adte<br>Sitz: Fried\u00adberg, Regis\u00adter\u00adge\u00adricht: Amts\u00adge\u00adricht Fried\u00adberg, Regis\u00adter\u00adnum\u00admer: HRB 8268<\/p>\n<p><\/p>\n<p>Ver\u00adant\u00adwort\u00adli\u00adcher nach \u00a7 55 Abs. 2&nbsp;RStV: Jost K\u00f6r\u00adte<br>Meter\u2011Q Solu\u00adti\u00adons GmbH, Gr\u00fc\u00adner Weg 7, D\u201161169 Fried\u00adberg<\/p>\n<p><\/p>\n<p><\/p>\n<p>[\/et_pb_text][\/et_pb_column][\/et_pb_row][\/et_pb_section]<\/p>\n","protected":false},"excerpt":{"rendered":"<p>IMPRINT\u00adAn\u00adga\u00adben nach \u00a7 5&nbsp;TMG \/ \u00a7 55 RStVMeter\u2011Q Solu\u00adti\u00adons GmbH\u00adGr\u00fc\u00adner Weg 7D-61169 Fried\u00adberg\u00adPho\u00adne: +49 6031 96587 40E-Mail: info@meterq.deInternet: www.meterq.deUmsatzsteuer-IDNr.: DE293824184Gesch\u00e4ftsf\u00fchrer: Jost K\u00f6r\u00adte\u00adSitz: Fried\u00adberg, Regis\u00adter\u00adge\u00adricht: Amts\u00adge\u00adricht Fried\u00adberg, Regis\u00adter\u00adnum\u00admer: HRB 8268Verantwortlicher nach \u00a7 55 Abs. 2&nbsp;RStV: Jost K\u00f6rteMeter\u2011Q Solu\u00adti\u00adons GmbH, Gr\u00fc\u00adner Weg 7, D\u201161169 Fried\u00adberg&nbsp;<\/p>\n","protected":false},"author":3,"featured_media":0,"parent":0,"menu_order":0,"comment_status":"closed","ping_status":"closed","template":"","meta":{"_et_pb_use_builder":"on","_et_pb_old_content":"","_et_gb_content_width":"","wp_typography_post_enhancements_disabled":false,"footnotes":""},"class_list":["post-8616","page","type-page","status-publish","hentry"],"_links":{"self":[{"href":"https:\/\/meterq.de\/en\/wp-json\/wp\/v2\/pages\/8616","targetHints":{"allow":["GET"]}}],"collection":[{"href":"https:\/\/meterq.de\/en\/wp-json\/wp\/v2\/pages"}],"about":[{"href":"https:\/\/meterq.de\/en\/wp-json\/wp\/v2\/types\/page"}],"author":[{"embeddable":true,"href":"https:\/\/meterq.de\/en\/wp-json\/wp\/v2\/users\/3"}],"replies":[{"embeddable":true,"href":"https:\/\/meterq.de\/en\/wp-json\/wp\/v2\/comments?post=8616"}],"version-history":[{"count":18,"href":"https:\/\/meterq.de\/en\/wp-json\/wp\/v2\/pages\/8616\/revisions"}],"predecessor-version":[{"id":9653,"href":"https:\/\/meterq.de\/en\/wp-json\/wp\/v2\/pages\/8616\/revisions\/9653"}],"wp:attachment":[{"href":"https:\/\/meterq.de\/en\/wp-json\/wp\/v2\/media?parent=8616"}],"curies":[{"name":"wp","href":"https:\/\/api.w.org\/{rel}","templated":true}]}}