{"id":8470,"date":"2022-03-06T15:11:29","date_gmt":"2022-03-06T14:11:29","guid":{"rendered":"https:\/\/meterq.de\/references\/"},"modified":"2023-07-28T11:24:57","modified_gmt":"2023-07-28T09:24:57","slug":"references","status":"publish","type":"page","link":"https:\/\/meterq.de\/en\/references\/","title":{"rendered":"References"},"content":{"rendered":"<p>[et_pb_section fb_built=\u201c1\u201d next_background_color=\u201d#ffffff\u201d _builder_version=\u201c4.16.0\u201d _module_preset=\u201cdefault\u201d background_color=\u201d#ededed\u201d height=\u201c100px\u201d bottom_divider_style=\u201cwave2\u201d global_colors_info=\u201d{}\u201d][\/et_pb_section][et_pb_section fb_built=\u201c1\u201d admin_label=\u201cVorspann\u201d _builder_version=\u201c4.16\u201d custom_margin=\u201d|0px|-4px|0px|false|false\u201d custom_padding=\u201c0px|0px|2px|0px|false|false\u201d global_colors_info=\u201d{}\u201d][et_pb_row _builder_version=\u201c4.16\u201d _module_preset=\u201cdefault\u201d width=\u201c60%\u201d max_width=\u201c90%\u201d module_alignment=\u201ccenter\u201d custom_margin=\u201d|auto||auto|false|true\u201d custom_padding=\u201c10px||35px|||\u201d global_colors_info=\u201d{}\u201d][et_pb_column type=\u201c4_4\u201d _builder_version=\u201c4.16\u201d _module_preset=\u201cdefault\u201d custom_padding=\u201d|||0px|false|false\u201d global_colors_info=\u201d{}\u201d][et_pb_text _builder_version=\u201c4.17.6\u201d text_font=\u201d||||||||\u201d header_font=\u201d||||||||\u201d header_2_font=\u201cmarcellus||||||||\u201d header_2_font_size=\u201c38px\u201d header_2_letter_spacing=\u201c1px\u201d header_2_line_height=\u201c1.4em\u201d header_3_font=\u201cpoppins2|700||on|||||\u201d header_3_text_color=\u201c#f95f00\u201d header_3_font_size=\u201c16px\u201d header_3_letter_spacing=\u201c2px\u201d header_3_line_height=\u201c2em\u201d custom_margin=\u201d-0.1%|0px|-0.3%|0px|false|false\u201d global_colors_info=\u201d{}\u201d]<\/p>\n<h3 style=\"text-align: center;\">References<\/h3>\n<h2 style=\"text-align: center;\">Customers who appreciate us<\/h2>\n<p>[\/et_pb_text][et_pb_divider color=\u201c#f95f00\u201d divider_position=\u201ccenter\u201d divider_weight=\u201c2px\u201d _builder_version=\u201c4.16\u201d max_width=\u201c60px\u201d module_alignment=\u201ccenter\u201d height=\u201c2px\u201d custom_margin=\u201c14px||2px|0px|false|false\u201d custom_padding=\u201c0px||||false|false\u201d locked=\u201coff\u201d global_colors_info=\u201d{}\u201d][\/et_pb_divider][\/et_pb_column][\/et_pb_row][\/et_pb_section][et_pb_section fb_built=\u201c1\u201d _builder_version=\u201c4.16\u201d _module_preset=\u201cdefault\u201d background_color=\u201d#FFFFFF\u201d global_colors_info=\u201d{}\u201d][et_pb_row column_structure=\u201c1_4,1_4,1_4,1_4\u201d use_custom_gutter=\u201con\u201d gutter_width=\u201c2\u201d make_equal=\u201con\u201d _builder_version=\u201c4.17.6\u201d _module_preset=\u201cdefault\u201d custom_padding=\u201c0px||||false|false\u201d global_colors_info=\u201d{}\u201d][et_pb_column type=\u201c1_4\u201d _builder_version=\u201c4.16\u201d _module_preset=\u201cdefault\u201d global_colors_info=\u201d{}\u201d][et_pb_image src=\u201chttps:\/\/meterq.de\/wp-content\/uploads\/2023\/07\/NNoe_Logo.png\u201d alt=\u201cEVN \u2014 Nie\u00adder\u00ad\u00f6s\u00adter\u00adreich Netz Logo\u201d title_text=\u201cNNoe_Logo\u201d _builder_version=\u201c4.18.0\u201d _module_preset=\u201cdefault\u201d hover_enabled=\u201c0\u201d box_shadow_style=\u201cpreset3\u201d global_colors_info=\u201d{}\u201d sticky_enabled=\u201c0\u201d][\/et_pb_image][\/et_pb_column][et_pb_column type=\u201c1_4\u201d _builder_version=\u201c4.17.4\u201d _module_preset=\u201cdefault\u201d custom_padding=\u201c7%||||false|false\u201d global_colors_info=\u201d{}\u201d][et_pb_text _builder_version=\u201c4.18.0\u201d _module_preset=\u201cdefault\u201d custom_padding=\u201c0%||0%||true|false\u201d hover_enabled=\u201c0\u201d global_colors_info=\u201d{}\u201d sticky_enabled=\u201c0\u201d]<\/p>\n<p><span>Netz Nie\u00adder\u00ad\u00f6s\u00adter\u00adreich GmbH<\/span><br><span>EVN Grup\u00adpe<\/span><br><span>EVN Platz<\/span><br><span>2344 Maria Enzers\u00addorf<\/span><br><a href=\"https:\/\/www.netz-noe.at\" target=\"_blank\" rel=\"noopener\">www.netz-noe.at<\/a><\/p>\n<p>[\/et_pb_text][\/et_pb_column][et_pb_column type=\u201c1_4\u201d _builder_version=\u201c4.17.4\u201d _module_preset=\u201cdefault\u201d custom_padding=\u201c0%||||false|false\u201d global_colors_info=\u201d{}\u201d][\/et_pb_column][et_pb_column type=\u201c1_4\u201d _builder_version=\u201c4.17.4\u201d _module_preset=\u201cdefault\u201d custom_padding=\u201c7%||||false|false\u201d global_colors_info=\u201d{}\u201d][\/et_pb_column][\/et_pb_row][et_pb_row column_structure=\u201c1_4,1_4,1_4,1_4\u201d use_custom_gutter=\u201con\u201d gutter_width=\u201c2\u201d make_equal=\u201con\u201d _builder_version=\u201c4.17.6\u201d _module_preset=\u201cdefault\u201d custom_padding=\u201c0px||||false|false\u201d global_colors_info=\u201d{}\u201d][et_pb_column type=\u201c1_4\u201d _builder_version=\u201c4.16\u201d _module_preset=\u201cdefault\u201d global_colors_info=\u201d{}\u201d][et_pb_image src=\u201chttps:\/\/meterq.de\/wp-content\/uploads\/2023\/07\/westnetz-logo.png\u201d alt=\u201cwestnetz Logo\u201d title_text=\u201cwestnetz-logo\u201d _builder_version=\u201c4.18.0\u201d _module_preset=\u201cdefault\u201d hover_enabled=\u201c0\u201d box_shadow_style=\u201cpreset3\u201d global_colors_info=\u201d{}\u201d sticky_enabled=\u201c0\u201d][\/et_pb_image][\/et_pb_column][et_pb_column type=\u201c1_4\u201d _builder_version=\u201c4.17.4\u201d _module_preset=\u201cdefault\u201d custom_padding=\u201c7%||||false|false\u201d global_colors_info=\u201d{}\u201d][et_pb_text _builder_version=\u201c4.18.0\u201d _module_preset=\u201cdefault\u201d custom_padding=\u201c0%||0%||true|false\u201d hover_enabled=\u201c0\u201d global_colors_info=\u201d{}\u201d sticky_enabled=\u201c0\u201d]<\/p>\n<p>west<strong>netz<\/strong> GmbH<span class=\"Apple-converted-space\"><br><\/span>Flo\u00adri\u00adan\u00adstra\u00ad\u00dfe 15\u201321<br>44139 Dort\u00admund<br><a href=\"https:\/\/www.westnetz.de\" target=\"_blank\" rel=\"noopener\"><span>www.westnetz.de<\/span><\/a><\/p>\n<p>[\/et_pb_text][\/et_pb_column][et_pb_column type=\u201c1_4\u201d _builder_version=\u201c4.17.4\u201d _module_preset=\u201cdefault\u201d custom_padding=\u201c0%||||false|false\u201d global_colors_info=\u201d{}\u201d][et_pb_image src=\u201chttps:\/\/meterq.de\/wp-content\/uploads\/2023\/07\/ego-logo.png\u201d alt=\u201cErdgas Ost\u00adschweiz\u201d title_text=\u201cego-logo\u201d _builder_version=\u201c4.18.0\u201d _module_preset=\u201cdefault\u201d box_shadow_style=\u201cpreset3\u201d global_colors_info=\u201d{}\u201d][\/et_pb_image][\/et_pb_column][et_pb_column type=\u201c1_4\u201d _builder_version=\u201c4.17.4\u201d _module_preset=\u201cdefault\u201d custom_padding=\u201c7%||||false|false\u201d global_colors_info=\u201d{}\u201d][et_pb_text _builder_version=\u201c4.18.0\u201d _module_preset=\u201cdefault\u201d custom_padding=\u201c0%||0%||true|false\u201d global_colors_info=\u201d{}\u201d]<\/p>\n<p><span>Erd\u00adgas Ost\u00adschweiz AG<\/span><br><span>Ber\u00adn\u00ader\u00adstras\u00adse<\/span><br><span>CH-8010 Z\u00fcrich<\/span><br><a href=\"https:\/\/erdgasostschweiz.ch\/\" target=\"_blank\" rel=\"noopener\">www.erdgasostschweiz.ch<\/a><\/p>\n<p>[\/et_pb_text][\/et_pb_column][\/et_pb_row][et_pb_row column_structure=\u201c1_4,1_4,1_4,1_4\u201d use_custom_gutter=\u201con\u201d gutter_width=\u201c2\u201d make_equal=\u201con\u201d _builder_version=\u201c4.17.6\u201d _module_preset=\u201cdefault\u201d custom_padding=\u201c0px||||false|false\u201d global_colors_info=\u201d{}\u201d][et_pb_column type=\u201c1_4\u201d _builder_version=\u201c4.16\u201d _module_preset=\u201cdefault\u201d global_colors_info=\u201d{}\u201d][et_pb_image src=\u201chttp:\/\/meterq.de\/wp-content\/uploads\/2022\/06\/bayernets-Logo-RGB.png\u201d title_text=\u201cbayernets-Logo-RGB\u201d _builder_version=\u201c4.17.4\u201d _module_preset=\u201cdefault\u201d box_shadow_style=\u201cpreset3\u201d global_colors_info=\u201d{}\u201d][\/et_pb_image][\/et_pb_column][et_pb_column type=\u201c1_4\u201d _builder_version=\u201c4.17.4\u201d _module_preset=\u201cdefault\u201d custom_padding=\u201c7%||||false|false\u201d global_colors_info=\u201d{}\u201d][et_pb_text _builder_version=\u201c4.18.0\u201d _module_preset=\u201cdefault\u201d custom_padding=\u201c0%||0%||true|false\u201d global_colors_info=\u201d{}\u201d]<\/p>\n<p><i>bay\u00adern<\/i><b><i>ets <\/i><\/b>GmbH<br>Poc\u00adci\u00adstra\u00ad\u00dfe 7<br>80336 M\u00fcn\u00adchen<br><a href=\"https:\/\/www.bayernets.de\" target=\"_blank\" rel=\"noopener\"><span>www.bayernets.de<\/span><\/a><\/p>\n<p>[\/et_pb_text][\/et_pb_column][et_pb_column type=\u201c1_4\u201d _builder_version=\u201c4.17.4\u201d _module_preset=\u201cdefault\u201d custom_padding=\u201c0%||||false|false\u201d global_colors_info=\u201d{}\u201d][et_pb_image src=\u201chttp:\/\/meterq.de\/wp-content\/uploads\/2022\/06\/GASCADE.png\u201d title_text=\u201cGASCADE\u201d _builder_version=\u201c4.17.4\u201d _module_preset=\u201cdefault\u201d custom_margin=\u201c0px||||false|false\u201d hover_enabled=\u201c0\u201d box_shadow_style=\u201cpreset3\u201d global_colors_info=\u201d{}\u201d sticky_enabled=\u201c0\u201d][\/et_pb_image][\/et_pb_column][et_pb_column type=\u201c1_4\u201d _builder_version=\u201c4.17.4\u201d _module_preset=\u201cdefault\u201d custom_padding=\u201c7%||||false|false\u201d global_colors_info=\u201d{}\u201d][et_pb_text _builder_version=\u201c4.18.0\u201d _module_preset=\u201cdefault\u201d custom_padding=\u201c0px||0px||true|false\u201d global_colors_info=\u201d{}\u201d]<\/p>\n<p>GASCADE Gas\u00adtrans\u00adport GmbH<span class=\"Apple-converted-space\"><br><\/span>K\u00f6l\u00adni\u00adsche Stra\u00ad\u00dfe 108\u2013112<br>34119 Kas\u00adsel<br><a href=\"http:\/\/www.gascade.de\/\" target=\"_blank\" rel=\"noopener\">www.gascade.de<\/a><\/p>\n<p>[\/et_pb_text][\/et_pb_column][\/et_pb_row][et_pb_row column_structure=\u201c1_4,1_4,1_4,1_4\u201d use_custom_gutter=\u201con\u201d gutter_width=\u201c2\u201d make_equal=\u201con\u201d _builder_version=\u201c4.17.6\u201d _module_preset=\u201cdefault\u201d custom_padding=\u201c0px||||false|false\u201d global_colors_info=\u201d{}\u201d][et_pb_column type=\u201c1_4\u201d _builder_version=\u201c4.16\u201d _module_preset=\u201cdefault\u201d global_colors_info=\u201d{}\u201d][et_pb_image src=\u201chttp:\/\/meterq.de\/wp-content\/uploads\/2022\/06\/Terranets_Logo_RGB.png\u201d title_text=\u201cTerranets_Logo_RGB\u201d _builder_version=\u201c4.17.4\u201d _module_preset=\u201cdefault\u201d box_shadow_style=\u201cpreset3\u201d global_colors_info=\u201d{}\u201d][\/et_pb_image][\/et_pb_column][et_pb_column type=\u201c1_4\u201d _builder_version=\u201c4.17.6\u201d _module_preset=\u201cdefault\u201d custom_padding=\u201c5%||5%||true|false\u201d global_colors_info=\u201d{}\u201d][et_pb_text _builder_version=\u201c4.18.0\u201d _module_preset=\u201cdefault\u201d custom_margin=\u201c0px||0px||false|false\u201d custom_padding=\u201c20px||20px||true|false\u201d global_colors_info=\u201d{}\u201d]<\/p>\n<p>ter\u00adra\u00adnets bw GmbH<span class=\"Apple-converted-space\"><br><\/span>Am Wall\u00adgra\u00adben 135<br>70565 Stutt\u00adgart<br><a href=\"https:\/\/www.terranets-bw.de\" target=\"_blank\" rel=\"noopener\">www.terranets-bw.de<\/a><\/p>\n<p>[\/et_pb_text][\/et_pb_column][et_pb_column type=\u201c1_4\u201d _builder_version=\u201c4.17.4\u201d _module_preset=\u201cdefault\u201d custom_padding=\u201c0%||0%||true|false\u201d global_colors_info=\u201d{}\u201d][et_pb_image src=\u201chttp:\/\/meterq.de\/wp-content\/uploads\/2022\/06\/Wir-transportieren-Gas..png\u201d title_text=\u201cWir trans\u00adpor\u00adtie\u00adren Gas.\u201d _builder_version=\u201c4.17.4\u201d _module_preset=\u201cdefault\u201d box_shadow_style=\u201cpreset3\u201d global_colors_info=\u201d{}\u201d][\/et_pb_image][\/et_pb_column][et_pb_column type=\u201c1_4\u201d _builder_version=\u201c4.17.4\u201d _module_preset=\u201cdefault\u201d custom_padding=\u201c5%||5%||true|false\u201d global_colors_info=\u201d{}\u201d][et_pb_text _builder_version=\u201c4.18.0\u201d _module_preset=\u201cdefault\u201d custom_padding=\u201c20px||20px||true|false\u201d global_colors_info=\u201d{}\u201d]<\/p>\n<p>Nowe\u00adga GmbH<br>Anton-Bruch\u00adau\u00adsen-Stra\u00ad\u00dfe 4<br>48147 M\u00fcns\u00adter<br><span><a href=\"http:\/\/www.nowega.de\" target=\"_blank\" rel=\"noopener\">www.nowega.de<\/a><\/span><\/p>\n<p>[\/et_pb_text][\/et_pb_column][\/et_pb_row][et_pb_row column_structure=\u201c1_4,1_4,1_4,1_4\u201d use_custom_gutter=\u201con\u201d gutter_width=\u201c2\u201d make_equal=\u201con\u201d disabled_on=\u201coff|off|off\u201d _builder_version=\u201c4.17.6\u201d _module_preset=\u201cdefault\u201d custom_padding=\u201c0px||||false|false\u201d global_colors_info=\u201d{}\u201d][et_pb_column type=\u201c1_4\u201d _builder_version=\u201c4.16\u201d _module_preset=\u201cdefault\u201d global_colors_info=\u201d{}\u201d][et_pb_image src=\u201chttp:\/\/meterq.de\/wp-content\/uploads\/2022\/08\/gwi-logo.jpg\u201d title_text=\u201cgwi-logo\u201d _builder_version=\u201c4.17.6\u201d _module_preset=\u201cdefault\u201d box_shadow_style=\u201cpreset3\u201d global_colors_info=\u201d{}\u201d][\/et_pb_image][\/et_pb_column][et_pb_column type=\u201c1_4\u201d _builder_version=\u201c4.17.6\u201d _module_preset=\u201cdefault\u201d custom_padding=\u201c5%||||false|false\u201d global_colors_info=\u201d{}\u201d][et_pb_text _builder_version=\u201c4.18.0\u201d _module_preset=\u201cdefault\u201d custom_padding=\u201c20px||20px||true|false\u201d global_colors_info=\u201d{}\u201d]<\/p>\n<p>Gas- und W\u00e4r\u00adme-Insti\u00adtut Essen e.V.<br><span>Hafen\u00adstra\u00ad\u00dfe 101<\/span><br><span>45356&nbsp;Essen <\/span><br><a href=\"https:\/\/www.gwi-essen.de\/\" target=\"_blank\" rel=\"noopener\">www.gwi-essen.de<\/a><\/p>\n<p>[\/et_pb_text][\/et_pb_column][et_pb_column type=\u201c1_4\u201d _builder_version=\u201c4.16\u201d _module_preset=\u201cdefault\u201d global_colors_info=\u201d{}\u201d][et_pb_image src=\u201chttp:\/\/meterq.de\/wp-content\/uploads\/2022\/08\/ONTRAS_Logo_RGB_SW.png\u201d title_text=\u201cONTRAS_Logo_RGB_SW\u201d disabled_on=\u201coff|off|off\u201d _builder_version=\u201c4.18.0\u201d _module_preset=\u201cdefault\u201d box_shadow_style=\u201cpreset3\u201d global_colors_info=\u201d{}\u201d][\/et_pb_image][\/et_pb_column][et_pb_column type=\u201c1_4\u201d _builder_version=\u201c4.17.6\u201d _module_preset=\u201cdefault\u201d custom_padding=\u201c5%||||false|false\u201d global_colors_info=\u201d{}\u201d][et_pb_text disabled_on=\u201coff|off|off\u201d _builder_version=\u201c4.18.0\u201d _module_preset=\u201cdefault\u201d custom_padding=\u201c10%||10%||true|false\u201d global_colors_info=\u201d{}\u201d]<\/p>\n<p>ONTRAS Gas\u00adtrans\u00adport GmbH<br>Maxi\u00admi\u00adli\u00adan\u00adal\u00adlee 4<br>04129 Leip\u00adzig<br><a href=\"https:\/\/www.ontras.com\/de\" target=\"_blank\" rel=\"noopener\">www.ontras.com<\/a><\/p>\n<p>[\/et_pb_text][\/et_pb_column][\/et_pb_row][et_pb_row column_structure=\u201c1_4,1_4,1_4,1_4\u201d use_custom_gutter=\u201con\u201d gutter_width=\u201c2\u201d make_equal=\u201con\u201d disabled_on=\u201coff|off|off\u201d _builder_version=\u201c4.17.6\u201d _module_preset=\u201cdefault\u201d custom_padding=\u201c0px||||false|false\u201d global_colors_info=\u201d{}\u201d][et_pb_column type=\u201c1_4\u201d _builder_version=\u201c4.16\u201d _module_preset=\u201cdefault\u201d global_colors_info=\u201d{}\u201d][et_pb_image src=\u201chttp:\/\/meterq.de\/wp-content\/uploads\/2022\/03\/referenzen5.jpg\u201d title_text=\u201creferenzen5\u201d align=\u201ccenter\u201d _builder_version=\u201c4.18.0\u201d _module_preset=\u201cdefault\u201d transform_scale=\u201c105%|105%\u201d box_shadow_style=\u201cpreset3\u201d global_colors_info=\u201d{}\u201d][\/et_pb_image][\/et_pb_column][et_pb_column type=\u201c1_4\u201d _builder_version=\u201c4.17.6\u201d _module_preset=\u201cdefault\u201d custom_padding=\u201c5%||||false|false\u201d global_colors_info=\u201d{}\u201d][et_pb_text _builder_version=\u201c4.18.0\u201d _module_preset=\u201cdefault\u201d custom_padding=\u201c20px||20px||true|false\u201d global_colors_info=\u201d{}\u201d]<\/p>\n<p><strong>Fern\u00adgas Ser\u00advice &amp;&nbsp;Manage\u00adment GmbH &amp;&nbsp;Co. KG<\/strong><br><span>Juri-Gaga\u00adrin-Ring 162 <\/span><br><span>99084 Erfurt <\/span><br><a href=\"https:\/\/www.ferngas.de\/\" target=\"_blank\" rel=\"noopener\">www.ferngas.de<\/a><\/p>\n<p>[\/et_pb_text][\/et_pb_column][et_pb_column type=\u201c1_4\u201d _builder_version=\u201c4.16\u201d _module_preset=\u201cdefault\u201d global_colors_info=\u201d{}\u201d][et_pb_image src=\u201chttp:\/\/meterq.de\/wp-content\/uploads\/2022\/03\/referenzen7.jpg\u201d title_text=\u201creferenzen7\u201d align=\u201ccenter\u201d _builder_version=\u201c4.18.0\u201d _module_preset=\u201cdefault\u201d transform_scale=\u201c105%|105%\u201d box_shadow_style=\u201cpreset3\u201d global_colors_info=\u201d{}\u201d][\/et_pb_image][\/et_pb_column][et_pb_column type=\u201c1_4\u201d _builder_version=\u201c4.17.6\u201d _module_preset=\u201cdefault\u201d custom_padding=\u201c5%||||false|false\u201d global_colors_info=\u201d{}\u201d][et_pb_text disabled_on=\u201coff|off|off\u201d _builder_version=\u201c4.18.0\u201d _module_preset=\u201cdefault\u201d custom_padding=\u201c10%||10%||true|false\u201d global_colors_info=\u201d{}\u201d]<\/p>\n<p><strong>EVB Tech\u00adnik GmbH&nbsp;<\/strong><br><span>Nie\u00adder\u00adlas\u00adsung Vel\u00adbert<\/span><br><span>Kon\u00adrad-Zuse-Str. 1&nbsp;<\/span><br><span>42551 Vel\u00adbert&nbsp;<\/span><br><a href=\"https:\/\/wwww.evb-technik.de\/\" target=\"_blank\" rel=\"noopener\">www.evb-technik.de<\/a><\/p>\n<p>[\/et_pb_text][\/et_pb_column][\/et_pb_row][\/et_pb_section]<\/p>\n","protected":false},"excerpt":{"rendered":"<p>Refe\u00adren\u00adces Cus\u00adto\u00admers who app\u00adre\u00adcia\u00adte usNetz Nie\u00adder\u00ad\u00f6s\u00adter\u00adreich GmbHEVN Grup\u00adpe\u00adEVN Platz2344 Maria Enzersdorfwww.netz-noe.atwestnetz GmbH\u00adFlo\u00adri\u00adan\u00adstra\u00ad\u00dfe 15\u20132144139 Dortmundwww.westnetz.deErdgas Ost\u00adschweiz AGBer\u00adn\u00ader\u00adstras\u00adseCH-8010 Z\u00fcrichwww.erdgasostschweiz.chbayernets GmbH\u00adPoc\u00adci\u00adstra\u00ad\u00dfe 780336 M\u00fcnchenwww.bayernets.deGASCADE Gas\u00adtrans\u00adport GmbH\u00adK\u00f6l\u00adni\u00adsche Stra\u00ad\u00dfe 108\u201311234119 Kasselwww.gascade.deterranets bw Gmb\u00adHAm Wall\u00adgra\u00adben 13570565 Stuttgartwww.terranets-bw.deNowega Gmb\u00adHAn\u00adton-Bruch\u00adau\u00adsen-Stra\u00ad\u00dfe 448147 M\u00fcnsterwww.nowega.deGas- und W\u00e4r\u00adme-Insti\u00adtut Essen e.V.Hafenstra\u00dfe 10145356&nbsp;Essen www.gwi-essen.deONTRAS Gas\u00adtrans\u00adport GmbH\u00adMa\u00adxi\u00admi\u00adli\u00adan\u00adal\u00adlee 404129 Leipzigwww.ontras.comFerngas Ser\u00advice &amp;&nbsp;Manage\u00adment GmbH &amp;&nbsp;Co. KGJu\u00adri-Gaga\u00adrin-Ring 162 99084 Erfurt www.ferngas.deEVB Tech\u00adnik [\u2026]<\/p>\n","protected":false},"author":1,"featured_media":0,"parent":0,"menu_order":0,"comment_status":"closed","ping_status":"closed","template":"","meta":{"_et_pb_use_builder":"on","_et_pb_old_content":"","_et_gb_content_width":"","wp_typography_post_enhancements_disabled":false,"footnotes":""},"class_list":["post-8470","page","type-page","status-publish","hentry"],"_links":{"self":[{"href":"https:\/\/meterq.de\/en\/wp-json\/wp\/v2\/pages\/8470","targetHints":{"allow":["GET"]}}],"collection":[{"href":"https:\/\/meterq.de\/en\/wp-json\/wp\/v2\/pages"}],"about":[{"href":"https:\/\/meterq.de\/en\/wp-json\/wp\/v2\/types\/page"}],"author":[{"embeddable":true,"href":"https:\/\/meterq.de\/en\/wp-json\/wp\/v2\/users\/1"}],"replies":[{"embeddable":true,"href":"https:\/\/meterq.de\/en\/wp-json\/wp\/v2\/comments?post=8470"}],"version-history":[{"count":22,"href":"https:\/\/meterq.de\/en\/wp-json\/wp\/v2\/pages\/8470\/revisions"}],"predecessor-version":[{"id":9523,"href":"https:\/\/meterq.de\/en\/wp-json\/wp\/v2\/pages\/8470\/revisions\/9523"}],"wp:attachment":[{"href":"https:\/\/meterq.de\/en\/wp-json\/wp\/v2\/media?parent=8470"}],"curies":[{"name":"wp","href":"https:\/\/api.w.org\/{rel}","templated":true}]}}